{"id":1199,"date":"2022-02-16T13:56:36","date_gmt":"2022-02-16T12:56:36","guid":{"rendered":"https:\/\/www.plaintec.com\/contacto\/"},"modified":"2026-01-28T11:45:44","modified_gmt":"2026-01-28T10:45:44","slug":"contacto","status":"publish","type":"page","link":"https:\/\/www.plaintec.com\/pt-pt\/contacto\/","title":{"rendered":"Contacto"},"content":{"rendered":"<div class=\"wpb-content-wrapper\"><p>[vc_row unlock_row_content=&#8221;yes&#8221; row_height_percent=&#8221;0&#8243; override_padding=&#8221;yes&#8221; h_padding=&#8221;2&#8243; top_padding=&#8221;7&#8243; bottom_padding=&#8221;7&#8243; overlay_alpha=&#8221;50&#8243; gutter_size=&#8221;3&#8243; column_width_percent=&#8221;100&#8243; shift_y=&#8221;0&#8243; z_index=&#8221;0&#8243; uncode_shortcode_id=&#8221;131591&#8243;][vc_column column_width_percent=&#8221;100&#8243; position_vertical=&#8221;middle&#8221; align_horizontal=&#8221;align_center&#8221; gutter_size=&#8221;2&#8243; overlay_alpha=&#8221;50&#8243; shift_x=&#8221;0&#8243; shift_y=&#8221;0&#8243; shift_y_down=&#8221;0&#8243; z_index=&#8221;0&#8243; medium_width=&#8221;0&#8243; mobile_width=&#8221;0&#8243; width=&#8221;1\/1&#8243; uncode_shortcode_id=&#8221;138084&#8243;][vc_row_inner row_inner_height_percent=&#8221;0&#8243; overlay_alpha=&#8221;50&#8243; gutter_size=&#8221;4&#8243; shift_y=&#8221;0&#8243; z_index=&#8221;0&#8243; limit_content=&#8221;&#8221;][vc_column_inner column_width_percent=&#8221;100&#8243; gutter_size=&#8221;3&#8243; overlay_alpha=&#8221;50&#8243; shift_x=&#8221;0&#8243; shift_y=&#8221;0&#8243; shift_y_down=&#8221;0&#8243; z_index=&#8221;0&#8243; medium_visibility=&#8221;yes&#8221; medium_width=&#8221;0&#8243; mobile_visibility=&#8221;yes&#8221; mobile_width=&#8221;0&#8243; width=&#8221;1\/4&#8243; uncode_shortcode_id=&#8221;141273&#8243;][\/vc_column_inner][vc_column_inner column_width_percent=&#8221;100&#8243; position_vertical=&#8221;middle&#8221; align_horizontal=&#8221;align_center&#8221; gutter_size=&#8221;3&#8243; overlay_alpha=&#8221;50&#8243; shift_x=&#8221;0&#8243; shift_y=&#8221;0&#8243; shift_y_down=&#8221;0&#8243; z_index=&#8221;0&#8243; medium_width=&#8221;0&#8243; mobile_width=&#8221;0&#8243; width=&#8221;1\/2&#8243; uncode_shortcode_id=&#8221;166077&#8243;][vc_custom_heading heading_semantic=&#8221;h1&#8243; text_size=&#8221;titulo-h1&#8243; text_transform=&#8221;uppercase&#8221; uncode_shortcode_id=&#8221;189954&#8243;]TRANSFORMAMOS A SUA IDEIA NUM NOVO CASO DE \u00c9XITO?[\/vc_custom_heading][vc_column_text uncode_shortcode_id=&#8221;167725&#8243;]Fa\u00e7a chegar a sua proposta, e esclarecemos qualquer d\u00favida. Ajudaremos logo que poss\u00edvel.[\/vc_column_text][\/vc_column_inner][vc_column_inner column_width_percent=&#8221;100&#8243; gutter_size=&#8221;3&#8243; overlay_alpha=&#8221;50&#8243; shift_x=&#8221;0&#8243; shift_y=&#8221;0&#8243; shift_y_down=&#8221;0&#8243; z_index=&#8221;0&#8243; medium_visibility=&#8221;yes&#8221; medium_width=&#8221;0&#8243; mobile_visibility=&#8221;yes&#8221; mobile_width=&#8221;0&#8243; width=&#8221;1\/4&#8243; uncode_shortcode_id=&#8221;146197&#8243;][\/vc_column_inner][\/vc_row_inner][\/vc_column][\/vc_row][vc_row row_height_percent=&#8221;59&#8243; back_color=&#8221;color-wayh&#8221; back_image=&#8221;398&#8243; back_position=&#8221;center bottom&#8221; parallax=&#8221;yes&#8221; overlay_alpha=&#8221;50&#8243; gutter_size=&#8221;3&#8243; column_width_percent=&#8221;100&#8243; shift_y=&#8221;0&#8243; z_index=&#8221;0&#8243; auto_height_device=&#8221;yes&#8221; uncode_shortcode_id=&#8221;745727&#8243; back_color_type=&#8221;uncode-palette&#8221;][vc_column column_width_percent=&#8221;100&#8243; gutter_size=&#8221;3&#8243; overlay_alpha=&#8221;50&#8243; shift_x=&#8221;0&#8243; shift_y=&#8221;0&#8243; shift_y_down=&#8221;0&#8243; z_index=&#8221;0&#8243; medium_width=&#8221;0&#8243; mobile_width=&#8221;0&#8243; width=&#8221;1\/1&#8243; uncode_shortcode_id=&#8221;155488&#8243; mobile_height=&#8221;500&#8243;][\/vc_column][\/vc_row][vc_row row_height_percent=&#8221;0&#8243; override_padding=&#8221;yes&#8221; h_padding=&#8221;2&#8243; top_padding=&#8221;0&#8243; bottom_padding=&#8221;3&#8243; back_color=&#8221;color-xsdn&#8221; overlay_alpha=&#8221;50&#8243; gutter_size=&#8221;3&#8243; column_width_percent=&#8221;100&#8243; shift_y=&#8221;0&#8243; z_index=&#8221;0&#8243; top_divider=&#8221;gradient&#8221; uncode_shortcode_id=&#8221;237629&#8243; back_color_type=&#8221;uncode-palette&#8221;][vc_column column_width_percent=&#8221;100&#8243; align_horizontal=&#8221;align_center&#8221; gutter_size=&#8221;3&#8243; override_padding=&#8221;yes&#8221; column_padding=&#8221;5&#8243; style=&#8221;dark&#8221; back_color=&#8221;color-jevc&#8221; overlay_alpha=&#8221;50&#8243; radius=&#8221;sm&#8221; shadow=&#8221;lg&#8221; shift_x=&#8221;0&#8243; shift_y=&#8221;-5&#8243; shift_y_fixed=&#8221;yes&#8221; shift_y_down=&#8221;0&#8243; z_index=&#8221;0&#8243; medium_width=&#8221;0&#8243; mobile_width=&#8221;0&#8243; width=&#8221;1\/1&#8243; uncode_shortcode_id=&#8221;133862&#8243; back_color_type=&#8221;uncode-palette&#8221;][vc_row_inner row_inner_height_percent=&#8221;0&#8243; overlay_alpha=&#8221;50&#8243; gutter_size=&#8221;3&#8243; shift_y=&#8221;0&#8243; z_index=&#8221;0&#8243; limit_content=&#8221;&#8221; uncode_shortcode_id=&#8221;141410&#8243;][vc_column_inner column_width_percent=&#8221;100&#8243; gutter_size=&#8221;2&#8243; style=&#8221;dark&#8221; font_family=&#8221;font-673331&#8243; overlay_alpha=&#8221;50&#8243; shift_x=&#8221;0&#8243; shift_y=&#8221;0&#8243; shift_y_down=&#8221;0&#8243; z_index=&#8221;0&#8243; medium_width=&#8221;3&#8243; mobile_width=&#8221;0&#8243; width=&#8221;1\/4&#8243; uncode_shortcode_id=&#8221;192080&#8243;][vc_custom_heading heading_semantic=&#8221;h4&#8243; text_size=&#8221;substitulo-h4&#8243; uncode_shortcode_id=&#8221;198192&#8243;]PORTUGAL[\/vc_custom_heading][vc_custom_heading text_color=&#8221;color-xsdn&#8221; heading_semantic=&#8221;p&#8221; text_size=&#8221;text-largo&#8221; text_weight=&#8221;400&#8243; uncode_shortcode_id=&#8221;492760&#8243; text_color_type=&#8221;uncode-palette&#8221;]Rua da Paz 66, loja 14<br \/>\n4050-461 Porto<br \/>\n<a href=\"tel:+351226090759\">+351 226 090 759<\/a><br \/>\n<a href=\"mailto:geral@www.plaintec.com\">geral@plaintec.com<\/a>[\/vc_custom_heading][\/vc_column_inner][vc_column_inner column_width_percent=&#8221;100&#8243; gutter_size=&#8221;2&#8243; style=&#8221;dark&#8221; overlay_alpha=&#8221;50&#8243; shift_x=&#8221;0&#8243; shift_y=&#8221;0&#8243; shift_y_down=&#8221;0&#8243; z_index=&#8221;0&#8243; medium_width=&#8221;3&#8243; mobile_width=&#8221;0&#8243; width=&#8221;1\/4&#8243; uncode_shortcode_id=&#8221;979975&#8243;][vc_custom_heading heading_semantic=&#8221;h4&#8243; text_size=&#8221;substitulo-h4&#8243; uncode_shortcode_id=&#8221;132407&#8243;]GALIZA[\/vc_custom_heading][vc_custom_heading text_color=&#8221;color-xsdn&#8221; heading_semantic=&#8221;p&#8221; text_size=&#8221;text-largo&#8221; text_weight=&#8221;400&#8243; uncode_shortcode_id=&#8221;798934&#8243; text_color_type=&#8221;uncode-palette&#8221;]Parque Empresarial Areas 43<br \/>\n36711 Tui (Pontevedra)<br \/>\n<a href=\"tel:+34986621397\">+34 986 621 397<\/a><br \/>\n<a href=\"mailto:info@www.plaintec.com\">info@plaintec.com<\/a>[\/vc_custom_heading][\/vc_column_inner][vc_column_inner column_width_percent=&#8221;100&#8243; gutter_size=&#8221;2&#8243; style=&#8221;dark&#8221; overlay_alpha=&#8221;50&#8243; shift_x=&#8221;0&#8243; shift_y=&#8221;0&#8243; shift_y_down=&#8221;0&#8243; z_index=&#8221;0&#8243; medium_width=&#8221;0&#8243; mobile_width=&#8221;0&#8243; width=&#8221;1\/4&#8243; uncode_shortcode_id=&#8221;593192&#8243;][vc_custom_heading heading_semantic=&#8221;h4&#8243; text_size=&#8221;substitulo-h4&#8243; uncode_shortcode_id=&#8221;348725&#8243;]MADRID[\/vc_custom_heading][vc_custom_heading text_color=&#8221;color-xsdn&#8221; heading_semantic=&#8221;p&#8221; text_size=&#8221;text-largo&#8221; text_weight=&#8221;400&#8243; uncode_shortcode_id=&#8221;663203&#8243; text_color_type=&#8221;uncode-palette&#8221;]V\u00eda de los Poblados 13<\/p>\n<p>Edificio Milenium<\/p>\n<p>Bloque 2. Planta 6\u00aa<\/p>\n<p>28033 Madrid<br \/>\n<a href=\"tel:+34 911 256 054\">+34 911 256 054<\/a><\/p>\n<p><a href=\"mailto:info@www.plaintec.com\">info@plaintec.com<\/a>[\/vc_custom_heading][\/vc_column_inner][vc_column_inner column_width_percent=&#8221;100&#8243; gutter_size=&#8221;3&#8243; style=&#8221;dark&#8221; overlay_alpha=&#8221;50&#8243; shift_x=&#8221;0&#8243; shift_y=&#8221;0&#8243; shift_y_down=&#8221;0&#8243; z_index=&#8221;0&#8243; medium_width=&#8221;0&#8243; mobile_width=&#8221;0&#8243; width=&#8221;1\/4&#8243; uncode_shortcode_id=&#8221;936380&#8243;][vc_custom_heading heading_semantic=&#8221;h4&#8243; text_size=&#8221;substitulo-h4&#8243; uncode_shortcode_id=&#8221;368834&#8243;]ITALIA[\/vc_custom_heading][vc_custom_heading text_color=&#8221;color-xsdn&#8221; heading_semantic=&#8221;p&#8221; text_size=&#8221;text-largo&#8221; text_weight=&#8221;400&#8243; uncode_shortcode_id=&#8221;212647&#8243; text_color_type=&#8221;uncode-palette&#8221;]Via Luigi Cacciatore 55<\/p>\n<p>84124 Salerno, Italia<\/p>\n<p><a href=\"tel:+39 0 899 366 620\">+39 0 899 366 620<\/a><\/p>\n<p><a href=\"mailto:info@www.plaintec.com\">info@plaintec.com<\/a>[\/vc_custom_heading][\/vc_column_inner][\/vc_row_inner][\/vc_column][\/vc_row][vc_row row_height_percent=&#8221;0&#8243; override_padding=&#8221;yes&#8221; h_padding=&#8221;2&#8243; top_padding=&#8221;5&#8243; bottom_padding=&#8221;5&#8243; overlay_alpha=&#8221;50&#8243; gutter_size=&#8221;4&#8243; column_width_percent=&#8221;100&#8243; shift_y=&#8221;0&#8243; z_index=&#8221;0&#8243; uncode_shortcode_id=&#8221;259146&#8243;][vc_column column_width_percent=&#8221;100&#8243; gutter_size=&#8221;2&#8243; font_family=&#8221;font-136269&#8243; overlay_alpha=&#8221;50&#8243; shift_x=&#8221;0&#8243; shift_y=&#8221;0&#8243; shift_y_down=&#8221;0&#8243; z_index=&#8221;0&#8243; medium_width=&#8221;0&#8243; mobile_width=&#8221;0&#8243; width=&#8221;4\/12&#8243; uncode_shortcode_id=&#8221;639591&#8243;][vc_custom_heading heading_semantic=&#8221;h4&#8243; text_size=&#8221;substitulo-h4&#8243; text_transform=&#8221;uppercase&#8221; uncode_shortcode_id=&#8221;868493&#8243;]DIGA-NOS A SUA IDEIA E FORMAREMOS UMA EQUIPA[\/vc_custom_heading][vc_column_text uncode_shortcode_id=&#8221;124974&#8243;]T\u00eam alguma duvida sobre algum de nossos produtos ou servi\u00e7os? T\u00eam uma idea mas n\u00e3o sabe por onde iniciar? Pode consultar-nos.<\/p>\n<p>Teremos todo o gosto em ajuda-lo com o seu projeto.<\/p>\n<p>Tamb\u00e9m importa-nos a sua privacidade. Os dados que nos facilita ser\u00e3o usados para resolver as quest\u00f5es planeadas, \u00fanica e exclusivamente. Em nenhum caso ser\u00e3o empregues para outros fins, nem ser\u00e3o cedidos a terceiros (sob nenhuma circunst\u00e2ncia).[\/vc_column_text][vc_empty_space empty_h=&#8221;3&#8243;][vc_custom_heading heading_semantic=&#8221;h4&#8243; text_size=&#8221;substitulo-h4&#8243; text_transform=&#8221;uppercase&#8221; uncode_shortcode_id=&#8221;198977&#8243;]PROCURAS TRABALHO?<br \/>\nJUNTA-TE A N\u00d3S![\/vc_custom_heading][vc_column_text uncode_shortcode_id=&#8221;299923&#8243;]Se queres fazer parte da nossa equipa, envia-nos o teu curr\u00edculo, podes ser a pessoa que cubra a seguinte vaga.[\/vc_column_text][vc_icon position=&#8221;left&#8221; space_reduced=&#8221;yes&#8221; icon_image=&#8221;401&#8243; heading_semantic=&#8221;p&#8221; text_size=&#8221;text-normal&#8221; linked_title=&#8221;yes&#8221; uncode_shortcode_id=&#8221;104526&#8243; title=&#8221;empleo@plaintec.com&#8221; link=&#8221;url:mailto%3Aempleo%40plaintec.com&#8221;][\/vc_icon][vc_empty_space empty_h=&#8221;2&#8243;][\/vc_column][vc_column column_width_percent=&#8221;100&#8243; gutter_size=&#8221;4&#8243; font_family=&#8221;font-136269&#8243; overlay_alpha=&#8221;50&#8243; shift_x=&#8221;0&#8243; shift_y=&#8221;0&#8243; shift_y_down=&#8221;0&#8243; z_index=&#8221;0&#8243; medium_width=&#8221;0&#8243; mobile_width=&#8221;0&#8243; width=&#8221;8\/12&#8243; uncode_shortcode_id=&#8221;274116&#8243;]\n<div class=\"wpcf7 no-js\" id=\"wpcf7-f1212-o1\" lang=\"pt-PT\" dir=\"ltr\" data-wpcf7-id=\"1212\">\n<div class=\"screen-reader-response\"><p role=\"status\" aria-live=\"polite\" aria-atomic=\"true\"><\/p> <ul><\/ul><\/div>\n<form action=\"\/pt-pt\/wp-json\/wp\/v2\/pages\/1199#wpcf7-f1212-o1\" method=\"post\" class=\"wpcf7-form init wpcf7-acceptance-as-validation\" aria-label=\"Formul\u00e1rio de contacto\" novalidate=\"novalidate\" data-status=\"init\">\n<fieldset class=\"hidden-fields-container\"><input type=\"hidden\" name=\"_wpcf7\" value=\"1212\" \/><input type=\"hidden\" name=\"_wpcf7_version\" value=\"6.1.4\" \/><input type=\"hidden\" name=\"_wpcf7_locale\" value=\"pt_PT\" \/><input type=\"hidden\" name=\"_wpcf7_unit_tag\" value=\"wpcf7-f1212-o1\" \/><input type=\"hidden\" name=\"_wpcf7_container_post\" value=\"0\" \/><input type=\"hidden\" name=\"_wpcf7_posted_data_hash\" value=\"\" \/><input type=\"hidden\" name=\"_wpcf7_recaptcha_response\" value=\"\" \/>\n<\/fieldset>\n<div class=\"wpcf7-inline-wrapper\">\n\t<p class=\"wpcf7-inline-field \"><span class=\"wpcf7-form-control-wrap\" data-name=\"nombre\"><input size=\"40\" maxlength=\"400\" class=\"wpcf7-form-control wpcf7-text wpcf7-validates-as-required\" aria-required=\"true\" aria-invalid=\"false\" placeholder=\"Nome*\" value=\"\" type=\"text\" name=\"nombre\" \/><\/span>\n\t<\/p>\n<\/div>\n<div class=\"wpcf7-inline-wrapper\">\n\t<p class=\"wpcf7-inline-field\"><span class=\"wpcf7-form-control-wrap\" data-name=\"email\"><input size=\"40\" maxlength=\"400\" class=\"wpcf7-form-control wpcf7-email wpcf7-validates-as-required wpcf7-text wpcf7-validates-as-email\" aria-required=\"true\" aria-invalid=\"false\" placeholder=\"Correio eletr\u00f3nico de contacto*\" value=\"\" type=\"email\" name=\"email\" \/><\/span>\n\t<\/p>\n<\/div>\n<div class=\"wpcf7-inline-wrapper\">\n\t<p class=\"wpcf7-inline-field\"><span class=\"wpcf7-form-control-wrap\" data-name=\"email-confirm\"><input size=\"40\" maxlength=\"400\" class=\"wpcf7-form-control wpcf7-email wpcf7-validates-as-required wpcf7-text wpcf7-validates-as-email\" aria-required=\"true\" aria-invalid=\"false\" placeholder=\"Confirmar Correio eletr\u00f3nico de contacto*\" value=\"\" type=\"email\" name=\"email-confirm\" \/><\/span>\n\t<\/p>\n<\/div>\n<div class=\"wpcf7-inline-wrapper\">\n\t<p class=\"wpcf7-inline-field\"><span class=\"wpcf7-form-control-wrap\" data-name=\"mensaje\"><textarea cols=\"40\" rows=\"10\" maxlength=\"2000\" class=\"wpcf7-form-control wpcf7-textarea wpcf7-validates-as-required\" aria-required=\"true\" aria-invalid=\"false\" placeholder=\"Mensagem*\" name=\"mensaje\"><\/textarea><\/span>\n\t<\/p>\n<\/div>\n<p><span class=\"wpcf7-form-control-wrap\" data-name=\"accept-this-1\"><span class=\"wpcf7-form-control wpcf7-acceptance\"><span class=\"wpcf7-list-item\"><label><input type=\"checkbox\" name=\"accept-this-1\" value=\"1\" aria-invalid=\"false\" \/><span class=\"wpcf7-list-item-label\">Li e aceito a <a class=\"link-politica\" href=\"http:\/\/www.plaintec.com\/aviso-legal\/\" target=\"_blank\">Pol\u00edtica de privacidad<\/a><\/span><\/label><\/span><\/span><\/span>\n<\/p>\n<div class=\"contenedor-enviar\">\n\t<p><input class=\"wpcf7-form-control wpcf7-submit has-spinner botonEnviar\" type=\"submit\" value=\"Enviar\" \/>\n\t<\/p>\n<\/div><input type='hidden' class='wpcf7-pum' value='{\"closepopup\":false,\"closedelay\":0,\"openpopup\":false,\"openpopup_id\":0}' \/><div class=\"wpcf7-response-output\" aria-hidden=\"true\"><\/div>\n<\/form>\n<\/div>\n[\/vc_column][\/vc_row]<\/p>\n<\/div>","protected":false},"excerpt":{"rendered":"<p>[vc_row unlock_row_content=&#8221;yes&#8221; row_height_percent=&#8221;0&#8243; override_padding=&#8221;yes&#8221; h_padding=&#8221;2&#8243; top_padding=&#8221;7&#8243; bottom_padding=&#8221;7&#8243; overlay_alpha=&#8221;50&#8243; gutter_size=&#8221;3&#8243; column_width_percent=&#8221;100&#8243; shift_y=&#8221;0&#8243; z_index=&#8221;0&#8243; uncode_shortcode_id=&#8221;131591&#8243;][vc_column column_width_percent=&#8221;100&#8243; position_vertical=&#8221;middle&#8221; align_horizontal=&#8221;align_center&#8221; gutter_size=&#8221;2&#8243; overlay_alpha=&#8221;50&#8243; shift_x=&#8221;0&#8243; shift_y=&#8221;0&#8243; [&hellip;]<\/p>\n","protected":false},"author":1,"featured_media":1015,"parent":0,"menu_order":0,"comment_status":"closed","ping_status":"closed","template":"","meta":{"footnotes":""},"class_list":["post-1199","page","type-page","status-publish","has-post-thumbnail","hentry"],"yoast_head":"<!-- This site is optimized with the Yoast SEO plugin v26.8 - https:\/\/yoast.com\/product\/yoast-seo-wordpress\/ -->\n<title>Contacto - Plaintec<\/title>\n<meta name=\"description\" content=\"TRANSFORMAMOS A SUA IDEIA NUM NOVO CASO DE \u00c9XITO? Fa\u00e7a chegar a sua proposta, e esclarecemos qualquer d\u00favida. Ajudaremos logo que poss\u00edvel.\" \/>\n<meta name=\"robots\" content=\"index, follow, max-snippet:-1, max-image-preview:large, max-video-preview:-1\" \/>\n<link rel=\"canonical\" href=\"https:\/\/www.plaintec.com\/pt-pt\/contacto\/\" \/>\n<meta property=\"og:locale\" content=\"pt_PT\" \/>\n<meta property=\"og:type\" content=\"article\" \/>\n<meta property=\"og:title\" content=\"Contacto - Plaintec\" \/>\n<meta property=\"og:description\" content=\"TRANSFORMAMOS A SUA IDEIA NUM NOVO CASO DE \u00c9XITO? Fa\u00e7a chegar a sua proposta, e esclarecemos qualquer d\u00favida. Ajudaremos logo que poss\u00edvel.\" \/>\n<meta property=\"og:url\" content=\"https:\/\/www.plaintec.com\/pt-pt\/contacto\/\" \/>\n<meta property=\"og:site_name\" content=\"Plaintec\" \/>\n<meta property=\"article:modified_time\" content=\"2026-01-28T10:45:44+00:00\" \/>\n<meta property=\"og:image\" content=\"https:\/\/www.plaintec.com\/wp-content\/uploads\/2022\/01\/contacto-plaintec.jpg\" \/>\n\t<meta property=\"og:image:width\" content=\"2560\" \/>\n\t<meta property=\"og:image:height\" content=\"1148\" \/>\n\t<meta property=\"og:image:type\" content=\"image\/jpeg\" \/>\n<meta name=\"twitter:card\" content=\"summary_large_image\" \/>\n<meta name=\"twitter:label1\" content=\"Tempo estimado de leitura\" \/>\n\t<meta name=\"twitter:data1\" content=\"2 minutos\" \/>\n<script type=\"application\/ld+json\" class=\"yoast-schema-graph\">{\"@context\":\"https:\/\/schema.org\",\"@graph\":[{\"@type\":\"WebPage\",\"@id\":\"https:\/\/www.plaintec.com\/pt-pt\/contacto\/\",\"url\":\"https:\/\/www.plaintec.com\/pt-pt\/contacto\/\",\"name\":\"Contacto - Plaintec\",\"isPartOf\":{\"@id\":\"https:\/\/www.plaintec.com\/pt-pt\/#website\"},\"primaryImageOfPage\":{\"@id\":\"https:\/\/www.plaintec.com\/pt-pt\/contacto\/#primaryimage\"},\"image\":{\"@id\":\"https:\/\/www.plaintec.com\/pt-pt\/contacto\/#primaryimage\"},\"thumbnailUrl\":\"https:\/\/www.plaintec.com\/wp-content\/uploads\/2022\/01\/contacto-plaintec.jpg\",\"datePublished\":\"2022-02-16T12:56:36+00:00\",\"dateModified\":\"2026-01-28T10:45:44+00:00\",\"description\":\"TRANSFORMAMOS A SUA IDEIA NUM NOVO CASO DE \u00c9XITO? Fa\u00e7a chegar a sua proposta, e esclarecemos qualquer d\u00favida. Ajudaremos logo que poss\u00edvel.\",\"inLanguage\":\"pt-PT\",\"potentialAction\":[{\"@type\":\"ReadAction\",\"target\":[\"https:\/\/www.plaintec.com\/pt-pt\/contacto\/\"]}]},{\"@type\":\"ImageObject\",\"inLanguage\":\"pt-PT\",\"@id\":\"https:\/\/www.plaintec.com\/pt-pt\/contacto\/#primaryimage\",\"url\":\"https:\/\/www.plaintec.com\/wp-content\/uploads\/2022\/01\/contacto-plaintec.jpg\",\"contentUrl\":\"https:\/\/www.plaintec.com\/wp-content\/uploads\/2022\/01\/contacto-plaintec.jpg\",\"width\":2560,\"height\":1148},{\"@type\":\"WebSite\",\"@id\":\"https:\/\/www.plaintec.com\/pt-pt\/#website\",\"url\":\"https:\/\/www.plaintec.com\/pt-pt\/\",\"name\":\"Plaintec\",\"description\":\"Construimos tu proyecto\",\"potentialAction\":[{\"@type\":\"SearchAction\",\"target\":{\"@type\":\"EntryPoint\",\"urlTemplate\":\"https:\/\/www.plaintec.com\/pt-pt\/?s={search_term_string}\"},\"query-input\":{\"@type\":\"PropertyValueSpecification\",\"valueRequired\":true,\"valueName\":\"search_term_string\"}}],\"inLanguage\":\"pt-PT\"}]}<\/script>\n<!-- \/ Yoast SEO plugin. -->","yoast_head_json":{"title":"Contacto - Plaintec","description":"TRANSFORMAMOS A SUA IDEIA NUM NOVO CASO DE \u00c9XITO? Fa\u00e7a chegar a sua proposta, e esclarecemos qualquer d\u00favida. Ajudaremos logo que poss\u00edvel.","robots":{"index":"index","follow":"follow","max-snippet":"max-snippet:-1","max-image-preview":"max-image-preview:large","max-video-preview":"max-video-preview:-1"},"canonical":"https:\/\/www.plaintec.com\/pt-pt\/contacto\/","og_locale":"pt_PT","og_type":"article","og_title":"Contacto - Plaintec","og_description":"TRANSFORMAMOS A SUA IDEIA NUM NOVO CASO DE \u00c9XITO? Fa\u00e7a chegar a sua proposta, e esclarecemos qualquer d\u00favida. Ajudaremos logo que poss\u00edvel.","og_url":"https:\/\/www.plaintec.com\/pt-pt\/contacto\/","og_site_name":"Plaintec","article_modified_time":"2026-01-28T10:45:44+00:00","og_image":[{"width":2560,"height":1148,"url":"https:\/\/www.plaintec.com\/wp-content\/uploads\/2022\/01\/contacto-plaintec.jpg","type":"image\/jpeg"}],"twitter_card":"summary_large_image","twitter_misc":{"Tempo estimado de leitura":"2 minutos"},"schema":{"@context":"https:\/\/schema.org","@graph":[{"@type":"WebPage","@id":"https:\/\/www.plaintec.com\/pt-pt\/contacto\/","url":"https:\/\/www.plaintec.com\/pt-pt\/contacto\/","name":"Contacto - Plaintec","isPartOf":{"@id":"https:\/\/www.plaintec.com\/pt-pt\/#website"},"primaryImageOfPage":{"@id":"https:\/\/www.plaintec.com\/pt-pt\/contacto\/#primaryimage"},"image":{"@id":"https:\/\/www.plaintec.com\/pt-pt\/contacto\/#primaryimage"},"thumbnailUrl":"https:\/\/www.plaintec.com\/wp-content\/uploads\/2022\/01\/contacto-plaintec.jpg","datePublished":"2022-02-16T12:56:36+00:00","dateModified":"2026-01-28T10:45:44+00:00","description":"TRANSFORMAMOS A SUA IDEIA NUM NOVO CASO DE \u00c9XITO? Fa\u00e7a chegar a sua proposta, e esclarecemos qualquer d\u00favida. Ajudaremos logo que poss\u00edvel.","inLanguage":"pt-PT","potentialAction":[{"@type":"ReadAction","target":["https:\/\/www.plaintec.com\/pt-pt\/contacto\/"]}]},{"@type":"ImageObject","inLanguage":"pt-PT","@id":"https:\/\/www.plaintec.com\/pt-pt\/contacto\/#primaryimage","url":"https:\/\/www.plaintec.com\/wp-content\/uploads\/2022\/01\/contacto-plaintec.jpg","contentUrl":"https:\/\/www.plaintec.com\/wp-content\/uploads\/2022\/01\/contacto-plaintec.jpg","width":2560,"height":1148},{"@type":"WebSite","@id":"https:\/\/www.plaintec.com\/pt-pt\/#website","url":"https:\/\/www.plaintec.com\/pt-pt\/","name":"Plaintec","description":"Construimos tu proyecto","potentialAction":[{"@type":"SearchAction","target":{"@type":"EntryPoint","urlTemplate":"https:\/\/www.plaintec.com\/pt-pt\/?s={search_term_string}"},"query-input":{"@type":"PropertyValueSpecification","valueRequired":true,"valueName":"search_term_string"}}],"inLanguage":"pt-PT"}]}},"_links":{"self":[{"href":"https:\/\/www.plaintec.com\/pt-pt\/wp-json\/wp\/v2\/pages\/1199","targetHints":{"allow":["GET"]}}],"collection":[{"href":"https:\/\/www.plaintec.com\/pt-pt\/wp-json\/wp\/v2\/pages"}],"about":[{"href":"https:\/\/www.plaintec.com\/pt-pt\/wp-json\/wp\/v2\/types\/page"}],"author":[{"embeddable":true,"href":"https:\/\/www.plaintec.com\/pt-pt\/wp-json\/wp\/v2\/users\/1"}],"replies":[{"embeddable":true,"href":"https:\/\/www.plaintec.com\/pt-pt\/wp-json\/wp\/v2\/comments?post=1199"}],"version-history":[{"count":13,"href":"https:\/\/www.plaintec.com\/pt-pt\/wp-json\/wp\/v2\/pages\/1199\/revisions"}],"predecessor-version":[{"id":13105,"href":"https:\/\/www.plaintec.com\/pt-pt\/wp-json\/wp\/v2\/pages\/1199\/revisions\/13105"}],"wp:featuredmedia":[{"embeddable":true,"href":"https:\/\/www.plaintec.com\/pt-pt\/wp-json\/wp\/v2\/media\/1015"}],"wp:attachment":[{"href":"https:\/\/www.plaintec.com\/pt-pt\/wp-json\/wp\/v2\/media?parent=1199"}],"curies":[{"name":"wp","href":"https:\/\/api.w.org\/{rel}","templated":true}]}}